{"id":302,"date":"2022-12-01T15:22:03","date_gmt":"2022-12-01T14:22:03","guid":{"rendered":"https:\/\/ka-aircraftconsulting.com\/?page_id=302"},"modified":"2022-12-01T15:29:40","modified_gmt":"2022-12-01T14:29:40","slug":"mentions-legales","status":"publish","type":"page","link":"https:\/\/ka-aircraftconsulting.com\/ar\/mentions-legales\/","title":{"rendered":"\u0625\u0634\u0639\u0627\u0631\u0627\u062a \u0642\u0627\u0646\u0648\u0646\u064a\u0629"},"content":{"rendered":"<p>[et_pb_section fb_built=\u00a0\u00bb1&Prime; admin_label=\u00a0\u00bbHero Section\u00a0\u00bb _builder_version=\u00a0\u00bb4.18.0&Prime; use_background_color_gradient=\u00a0\u00bbon\u00a0\u00bb background_color_gradient_type=\u00a0\u00bbcircular\u00a0\u00bb background_color_gradient_direction_radial=\u00a0\u00bbleft\u00a0\u00bb background_color_gradient_stops=\u00a0\u00bb#000e56 31%|#0c71c3 100%\u00a0\u00bb background_color_gradient_overlays_image=\u00a0\u00bbon\u00a0\u00bb background_color_gradient_start=\u00a0\u00bb#000000&Prime; background_color_gradient_end=\u00a0\u00bbrgba(0,0,0,0)\u00a0\u00bb background_enable_image=\u00a0\u00bboff\u00a0\u00bb custom_padding=\u00a0\u00bb5%||5%||false|false\u00a0\u00bb global_colors_info=\u00a0\u00bb{}\u00a0\u00bb][et_pb_row column_structure=\u00a0\u00bb1_2,1_2&Prime; admin_label=\u00a0\u00bbHero Area\u00a0\u00bb _builder_version=\u00a0\u00bb4.16&Prime; global_colors_info=\u00a0\u00bb{}\u00a0\u00bb][et_pb_column type=\u00a0\u00bb1_2&Prime; _builder_version=\u00a0\u00bb4.16&Prime; custom_padding=\u00a0\u00bb|||\u00a0\u00bb global_colors_info=\u00a0\u00bb{}\u00a0\u00bb custom_padding__hover=\u00a0\u00bb|||\u00a0\u00bb][et_pb_text admin_label=\u00a0\u00bbSubtitle\u00a0\u00bb _builder_version=\u00a0\u00bb4.18.0&Prime; text_font=\u00a0\u00bbPoppins||||||||\u00a0\u00bb text_font_size=\u00a0\u00bb18px\u00a0\u00bb text_line_height=\u00a0\u00bb1.8em\u00a0\u00bb header_font=\u00a0\u00bb||||||||\u00a0\u00bb background_layout=\u00a0\u00bbdark\u00a0\u00bb custom_margin=\u00a0\u00bb|||\u00a0\u00bb custom_padding=\u00a0\u00bb|||\u00a0\u00bb animation_style=\u00a0\u00bbfade\u00a0\u00bb global_colors_info=\u00a0\u00bb{}\u00a0\u00bb]<\/p>\n<h1 style=\"text-align: left;\">\u0625\u0634\u0639\u0627\u0631\u0627\u062a \u0642\u0627\u0646\u0648\u0646\u064a\u0629<\/h1>\n<p>[\/et_pb_text][\/et_pb_column][et_pb_column type=\u00a0\u00bb1_2&Prime; _builder_version=\u00a0\u00bb4.16&Prime; custom_padding=\u00a0\u00bb|||\u00a0\u00bb global_colors_info=\u00a0\u00bb{}\u00a0\u00bb custom_padding__hover=\u00a0\u00bb|||\u00a0\u00bb][\/et_pb_column][\/et_pb_row][\/et_pb_section][et_pb_section fb_built=\u00a0\u00bb1&Prime; next_background_color=\u00a0\u00bb#252E56&Prime; admin_label=\u00a0\u00bbNewsletter Section\u00a0\u00bb _builder_version=\u00a0\u00bb4.18.0&Prime; background_color=\u00a0\u00bb#35322f\u00a0\u00bb min_height=\u00a0\u00bb311.8px\u00a0\u00bb custom_padding=\u00a0\u00bb120px||120px|\u00a0\u00bb bottom_divider_style=\u00a0\u00bbarrow2&Prime; global_colors_info=\u00a0\u00bb{}\u00a0\u00bb][et_pb_row _builder_version=\u00a0\u00bb4.18.0&Prime; _module_preset=\u00a0\u00bbdefault\u00a0\u00bb global_colors_info=\u00a0\u00bb{}\u00a0\u00bb][et_pb_column type=\u00a0\u00bb4_4&Prime; _builder_version=\u00a0\u00bb4.18.0&Prime; _module_preset=\u00a0\u00bbdefault\u00a0\u00bb global_colors_info=\u00a0\u00bb{}\u00a0\u00bb][et_pb_text _builder_version=\u00a0\u00bb4.18.0&Prime; _module_preset=\u00a0\u00bbdefault\u00a0\u00bb text_font=\u00a0\u00bbLibre Franklin||||||||\u00a0\u00bb text_text_color=\u00a0\u00bb#FFFFFF\u00a0\u00bb global_colors_info=\u00a0\u00bb{}\u00a0\u00bb]<\/p>\n<p style=\"text-align: justify;\">Le site internet https:\/\/ka-aircraftconsulting.com est \u00e9dit\u00e9 par Impacts Digital au capital de 10 000 euros, immatricul\u00e9e au registre au commerce sous le num\u00e9ro 17 12 181 \/ P, ayant son si\u00e8ge 7 Rue Ksserine :<\/p>\n<p style=\"text-align: justify;\">Amel Radhouani Babay et Nabil El Bez agissant en son nom et au nom de sa filiale \u00e0 100% BR Impacts Digital, soci\u00e9t\u00e9 Tunisienne.<\/p>\n<p style=\"text-align: justify;\">Le directeur de la publication de ce site est Aircraft Consulting, agissant en sa qualit\u00e9 de Pr\u00e9sident.<br \/>Le site est h\u00e9berg\u00e9 par Oxa Host. Le site est r\u00e9gi par le droit tunisien. La loi tunisienne s&rsquo;applique int\u00e9gralement et sans r\u00e9serve, nonobstant tout conflit de lois.<\/p>\n<p style=\"text-align: justify;\">Aucune partie de ce site ne peut \u00eatre reproduite ou repr\u00e9sent\u00e9e int\u00e9gralement ou partiellement par quelque proc\u00e9d\u00e9 que ce soit sans l&rsquo;accord pr\u00e9alable et \u00e9crit de K&amp;A Aircraft Consulting. Toute contravention est susceptible de constituer une contrefa\u00e7on sanctionn\u00e9e. K&amp;A Aircraft Consulting et ses filiales ne pourront en aucun cas \u00eatre tenus responsables des dommages directs ou indirects caus\u00e9s par des erreurs ou omissions sur ce site, dans les informations communiqu\u00e9es ou dans les fonctionnalit\u00e9s propos\u00e9es. K&amp;A Aircraft Consulting se r\u00e9serve le droit de modifier, ajouter ou supprimer tout ou partie du site et des pr\u00e9sentes mentions l\u00e9gales, \u00e0 tout moment et sans pr\u00e9avis.<\/p>\n<p>[\/et_pb_text][et_pb_text _builder_version=\u00a0\u00bb4.18.0&Prime; _module_preset=\u00a0\u00bbdefault\u00a0\u00bb text_font=\u00a0\u00bbLibre Franklin||||||||\u00a0\u00bb text_text_color=\u00a0\u00bb#FFFFFF\u00a0\u00bb global_colors_info=\u00a0\u00bb{}\u00a0\u00bb]<\/p>\n<h4 style=\"text-align: justify;\"><span style=\"color: #ffffff;\"><strong>Confidentialit\u00e9 des coordonn\u00e9s clients<\/strong><\/span><\/h4>\n<p style=\"text-align: justify;\"><strong>K&amp;A Aircraft Consulting<\/strong> \u062d\u0631\u064a\u0635\u0629 \u0639\u0644\u0649 \u0643\u064a\u0641\u064a\u0629 \u0627\u0633\u062a\u062e\u062f\u0627\u0645 \u0628\u064a\u0627\u0646\u0627\u062a\u0643 \u0627\u0644\u0634\u062e\u0635\u064a\u0629 \u0648\u0645\u0634\u0627\u0631\u0643\u062a\u0647\u0627 \u0639\u0628\u0631 \u0627\u0644\u0625\u0646\u062a\u0631\u0646\u062a.  \u0646\u062d\u0646 \u0646\u062d\u062a\u0631\u0645 \u0648\u0646\u0642\u062f\u0631 \u062e\u0635\u0648\u0635\u064a\u0629 \u0643\u0644 \u0645\u0646 \u064a\u0632\u0648\u0631 \u0647\u0630\u0627 \u0627\u0644\u0645\u0648\u0642\u0639 https:\/\/ka-aircraftconsulting.com<\/p>\n<p style=\"text-align: justify;\">A noter que \u00ab les donn\u00e9es personnelles \u00bb d\u00e9signe toutes les donn\u00e9es relatives \u00e0 une personne identifiable qui peut \u00eatre identifi\u00e9e directement ou indirectement \u00e0 partir de ces donn\u00e9es. Dans ce cas, il s&rsquo;agit de donn\u00e9es personnelles que vous nous fournissez via le site Web. Cette d\u00e9finition doit, le cas \u00e9ch\u00e9ant, int\u00e9grer les d\u00e9finitions fournies dans la loi sur la protection des donn\u00e9es et\/ou le r\u00e8glement g\u00e9n\u00e9ral sur la protection des donn\u00e9es.<\/p>\n<p>[\/et_pb_text][et_pb_text _builder_version=\u00a0\u00bb4.18.0&Prime; _module_preset=\u00a0\u00bbdefault\u00a0\u00bb text_font=\u00a0\u00bbLibre Franklin||||||||\u00a0\u00bb text_text_color=\u00a0\u00bb#FFFFFF\u00a0\u00bb global_colors_info=\u00a0\u00bb{}\u00a0\u00bb]<\/p>\n<h4 style=\"text-align: justify;\"><strong><span style=\"color: #ffffff;\">Que couvre cette directive ?<\/span><\/strong><\/h4>\n<p style=\"text-align: justify;\">Cette directive s&rsquo;applique \u00e0 votre utilisation et aux donn\u00e9es personnelles que vous fournissez et\/ou que nous collectons via le site Web. Le site Web peut contenir des liens vers d&rsquo;autres sites Web. Veuillez noter que nous n&rsquo;avons aucun contr\u00f4le sur la mani\u00e8re dont vos donn\u00e9es seront collect\u00e9es, stock\u00e9es ou utilis\u00e9es par d&rsquo;autres sites Web. Nous vous conseillons, donc, de v\u00e9rifier les politiques de confidentialit\u00e9<br \/>de ces sites Web avant d&rsquo;y acc\u00e9der.<\/p>\n<h4 style=\"text-align: justify;\"><span style=\"color: #ffffff;\"><strong>Quelles donn\u00e9es collectons-nous ?<\/strong><\/span><\/h4>\n<p style=\"text-align: justify;\">Nous ne collectons aucune donn\u00e9e personnelle vous concernant. Nous pla\u00e7ons des cookies sur votre ordinateur ou appareil. Si vous nous envoyez un e-mail, nous pouvons collecter votre nom, votre adresse e-mail et toute autre information que vous choisissez de nous fournir.<\/p>\n<h4 style=\"text-align: justify;\"><span style=\"color: #ffffff;\"><strong>S\u00e9curit\u00e9 des donn\u00e9es<\/strong><\/span><\/h4>\n<p style=\"text-align: justify;\">Nous avons a mis en place des mesures de s\u00e9curit\u00e9 techniques et organisationnelles appropri\u00e9es pour aider \u00e0 prot\u00e9ger vos donn\u00e9es personnelles contre la perte et pour emp\u00eacher tout acc\u00e8s par des personnes non autoris\u00e9es.<\/p>\n<p>[\/et_pb_text][et_pb_text _builder_version=\u00a0\u00bb4.18.0&Prime; _module_preset=\u00a0\u00bbdefault\u00a0\u00bb text_font=\u00a0\u00bbLibre Franklin||||||||\u00a0\u00bb text_text_color=\u00a0\u00bb#FFFFFF\u00a0\u00bb global_colors_info=\u00a0\u00bb{}\u00a0\u00bb]<\/p>\n<h4><span style=\"color: #ffffff;\"><strong>Comment utilisons-nous vos donn\u00e9es ?<\/strong><\/span><\/h4>\n<p>Si un client nous fournit des donn\u00e9es personnelles, elles seront trait\u00e9es et stock\u00e9es en toute s\u00e9curit\u00e9. Ce, pendant une dur\u00e9e n&rsquo;exc\u00e9dant pas celle n\u00e9cessaire \u00e0 la lumi\u00e8re des raisons pour lesquelles elles ont \u00e9t\u00e9 collect\u00e9es pour la premi\u00e8re fois. Nous ferons de notre mieux pour nous conformer \u00e0 nos obligations et prot\u00e9ger vos droits. Nous ne partagerons aucune de vos donn\u00e9es avec des tiers \u00e0 quelque fin que ce soit.<br \/>Comme indiqu\u00e9 ci-dessus, nous ne collectons g\u00e9n\u00e9ralement pas de donn\u00e9es personnelles. Si vous nous contactez et que nous obtenons vos donn\u00e9es personnelles \u00e0 partir de votre e-mail, nous pouvons les utiliser comme suit :<\/p>\n<p>\u2666 Pour r\u00e9pondre \u00e0 votre e-mail.<br \/>\u2666 Pour vous conserver en tant que contact professionnel dans notre base de donn\u00e9es.<br \/>\u2666 Pour vous envoyer des newsletters ou d&rsquo;autres supports marketing.<br \/>Vous avez le droit de retirer \u00e0 tout moment votre consentement \u00e0 l&rsquo;utilisation de vos donn\u00e9es personnelles et de nous demander de les supprimer.<\/p>\n<p>[\/et_pb_text][et_pb_text _builder_version=\u00a0\u00bb4.18.0&Prime; _module_preset=\u00a0\u00bbdefault\u00a0\u00bb text_font=\u00a0\u00bbLibre Franklin||||||||\u00a0\u00bb text_text_color=\u00a0\u00bb#FFFFFF\u00a0\u00bb global_colors_info=\u00a0\u00bb{}\u00a0\u00bb]<\/p>\n<h4><span style=\"color: #ffffff;\"><strong>Vos droits<\/strong><\/span><\/h4>\n<p>En tant que personne concern\u00e9e, vous disposez des droits suivants :<br \/>\u2666 Le droit d&rsquo;\u00eatre inform\u00e9 de notre collecte et de notre utilisation des donn\u00e9es personnelles<br \/>\u2666 Le droit d&rsquo;acc\u00e8s aux donn\u00e9es personnelles que nous d\u00e9tenons \u00e0 votre sujet.<br \/>\u2666 Le droit de rectification si des donn\u00e9es personnelles que nous d\u00e9tenons \u00e0 votre sujet sont<br \/>inexactes ou incompl\u00e8tes.<br \/>\u2666 Le droit \u00e0 l&rsquo;oubli &#8211; c&rsquo;est-\u00e0-dire le droit de nous demander de supprimer toutes les donn\u00e9es personnelles que nous d\u00e9tenons \u00e0 votre sujet.<br \/>\u2666 Le droit de restreindre (c&rsquo;est-\u00e0-dire d&#8217;emp\u00eacher) le traitement de vos donn\u00e9es personnelles.<br \/>\u2666 Le droit \u00e0 la portabilit\u00e9 des donn\u00e9es (obtenir une copie de vos donn\u00e9es personnelles pour les r\u00e9utiliser avec un autre service ou organisme).<br \/>\u2666 Le droit de s&rsquo;opposer \u00e0 ce que nous utilisions vos donn\u00e9es personnelles \u00e0 des fins particuli\u00e8res.<br \/>\u2666 Droits relatifs \u00e0 la prise de d\u00e9cision automatis\u00e9e et au profilage.<br \/>Si vous avez un motif de plainte, vous avez \u00e9galement le droit de d\u00e9poser une plainte aupr\u00e8s du d\u00e9l\u00e9gu\u00e9 f\u00e9d\u00e9ral \u00e0 la protection des donn\u00e9es et \u00e0 l&rsquo;information et\/ou \u00e0 toute autorit\u00e9 de contr\u00f4le comp\u00e9tente (selon le cas).<\/p>\n<p>[\/et_pb_text][et_pb_text _builder_version=\u00a0\u00bb4.18.0&Prime; _module_preset=\u00a0\u00bbdefault\u00a0\u00bb text_font=\u00a0\u00bbLibre Franklin||||||||\u00a0\u00bb text_text_color=\u00a0\u00bb#FFFFFF\u00a0\u00bb global_colors_info=\u00a0\u00bb{}\u00a0\u00bb]<\/p>\n<h4><span style=\"color: #ffffff;\"><strong>Nous contacter<\/strong><\/span><\/h4>\n<p>Si vous avez des questions concernant le site Web ou ses directives, veuillez nous contacter par e-mail \u00e0 <a href=\"mailto:contact@ka-aircraftconsulting.com\" target=\"_blank\" rel=\"noopener\">contact@ka-<wbr \/>aircraftconsulting.com<\/a><span>.<\/span><\/p>\n<h4><span style=\"color: #ffffff;\"><strong>Modifications de notre directive<\/strong><\/span><\/h4>\n<p>Nous pouvons modifier cette politique de temps \u00e0 autre (par exemple, si la loi change). Toute modification sera imm\u00e9diatement publi\u00e9e sur le site Web. Vous serez r\u00e9put\u00e9 avoir accept\u00e9 les termes de la directive lors de votre premi\u00e8re utilisation du site Web \u00e0 la suite des modifications. Nous vous recommandons de consulter r\u00e9guli\u00e8rement cette page pour vous tenir au courant.<\/p>\n<h4><span style=\"color: #ffffff;\"><strong>Loi et juridiction<\/strong><\/span><\/h4>\n<p>Les pr\u00e9sentes Conditions sont r\u00e9gies et interpr\u00e9t\u00e9es conform\u00e9ment au droit (pays) sauf disposition contraire applicable \u00e0 la protection des donn\u00e9es obligatoires.<\/p>\n<p><strong>Photos<\/strong> : Reproduction interdite, tous droits r\u00e9serv\u00e9s.<\/p>\n<p>[\/et_pb_text][\/et_pb_column][\/et_pb_row][\/et_pb_section]<\/p>","protected":false},"excerpt":{"rendered":"<p>Mentions L\u00e9galesLe site internet https:\/\/ka-aircraftconsulting.com est \u00e9dit\u00e9 par Impacts Digital au capital de 10 000 euros, immatricul\u00e9e au registre au commerce sous le num\u00e9ro 17 12 181 \/ P, ayant son si\u00e8ge 7 Rue Ksserine : Amel Radhouani Babay et Nabil El Bez agissant en son nom et au nom de sa filiale \u00e0 100% [&hellip;]<\/p>","protected":false},"author":2,"featured_media":0,"parent":0,"menu_order":0,"comment_status":"closed","ping_status":"closed","template":"","meta":{"_et_pb_use_builder":"on","_et_pb_old_content":"","_et_gb_content_width":"","footnotes":""},"class_list":["post-302","page","type-page","status-publish","hentry"],"yoast_head":"<!-- This site is optimized with the Yoast SEO plugin v19.11 - https:\/\/yoast.com\/wordpress\/plugins\/seo\/ -->\n<title>Mentions L\u00e9gales - KA AIRCRAFT<\/title>\n<meta name=\"robots\" content=\"index, follow, max-snippet:-1, max-image-preview:large, max-video-preview:-1\" \/>\n<link rel=\"canonical\" href=\"https:\/\/ka-aircraftconsulting.com\/ar\/mentions-legales\/\" \/>\n<meta property=\"og:locale\" content=\"ar_AR\" \/>\n<meta property=\"og:type\" content=\"article\" \/>\n<meta property=\"og:title\" content=\"Mentions L\u00e9gales - KA AIRCRAFT\" \/>\n<meta property=\"og:description\" content=\"Mentions L\u00e9galesLe site internet https:\/\/ka-aircraftconsulting.com est \u00e9dit\u00e9 par Impacts Digital au capital de 10 000 euros, immatricul\u00e9e au registre au commerce sous le num\u00e9ro 17 12 181 \/ P, ayant son si\u00e8ge 7 Rue Ksserine : Amel Radhouani Babay et Nabil El Bez agissant en son nom et au nom de sa filiale \u00e0 100% [&hellip;]\" \/>\n<meta property=\"og:url\" content=\"https:\/\/ka-aircraftconsulting.com\/ar\/mentions-legales\/\" \/>\n<meta property=\"og:site_name\" content=\"KA AIRCRAFT\" \/>\n<meta property=\"article:modified_time\" content=\"2022-12-01T14:29:40+00:00\" \/>\n<meta name=\"twitter:card\" content=\"summary_large_image\" \/>\n<meta name=\"twitter:label1\" content=\"\u0648\u0642\u062a \u0627\u0644\u0642\u0631\u0627\u0621\u0629 \u0627\u0644\u0645\u064f\u0642\u062f\u0651\u0631\" \/>\n\t<meta name=\"twitter:data1\" content=\"7 \u062f\u0642\u0627\u0626\u0642\" \/>\n<script type=\"application\/ld+json\" class=\"yoast-schema-graph\">{\"@context\":\"https:\/\/schema.org\",\"@graph\":[{\"@type\":\"WebPage\",\"@id\":\"https:\/\/ka-aircraftconsulting.com\/mentions-legales\/\",\"url\":\"https:\/\/ka-aircraftconsulting.com\/mentions-legales\/\",\"name\":\"Mentions L\u00e9gales - KA AIRCRAFT\",\"isPartOf\":{\"@id\":\"https:\/\/ka-aircraftconsulting.com\/#website\"},\"datePublished\":\"2022-12-01T14:22:03+00:00\",\"dateModified\":\"2022-12-01T14:29:40+00:00\",\"breadcrumb\":{\"@id\":\"https:\/\/ka-aircraftconsulting.com\/mentions-legales\/#breadcrumb\"},\"inLanguage\":\"ar\",\"potentialAction\":[{\"@type\":\"ReadAction\",\"target\":[\"https:\/\/ka-aircraftconsulting.com\/mentions-legales\/\"]}]},{\"@type\":\"BreadcrumbList\",\"@id\":\"https:\/\/ka-aircraftconsulting.com\/mentions-legales\/#breadcrumb\",\"itemListElement\":[{\"@type\":\"ListItem\",\"position\":1,\"name\":\"Accueil\",\"item\":\"https:\/\/ka-aircraftconsulting.com\/\"},{\"@type\":\"ListItem\",\"position\":2,\"name\":\"Mentions L\u00e9gales\"}]},{\"@type\":\"WebSite\",\"@id\":\"https:\/\/ka-aircraftconsulting.com\/#website\",\"url\":\"https:\/\/ka-aircraftconsulting.com\/\",\"name\":\"KA AIRCRAFT\",\"description\":\"\",\"publisher\":{\"@id\":\"https:\/\/ka-aircraftconsulting.com\/#organization\"},\"potentialAction\":[{\"@type\":\"SearchAction\",\"target\":{\"@type\":\"EntryPoint\",\"urlTemplate\":\"https:\/\/ka-aircraftconsulting.com\/?s={search_term_string}\"},\"query-input\":\"required name=search_term_string\"}],\"inLanguage\":\"ar\"},{\"@type\":\"Organization\",\"@id\":\"https:\/\/ka-aircraftconsulting.com\/#organization\",\"name\":\"KA AIRCRAFT\",\"url\":\"https:\/\/ka-aircraftconsulting.com\/\",\"logo\":{\"@type\":\"ImageObject\",\"inLanguage\":\"ar\",\"@id\":\"https:\/\/ka-aircraftconsulting.com\/#\/schema\/logo\/image\/\",\"url\":\"https:\/\/ka-aircraftconsulting.com\/wp-content\/uploads\/2022\/12\/Logo-couleur-F-2.png\",\"contentUrl\":\"https:\/\/ka-aircraftconsulting.com\/wp-content\/uploads\/2022\/12\/Logo-couleur-F-2.png\",\"width\":378,\"height\":254,\"caption\":\"KA AIRCRAFT\"},\"image\":{\"@id\":\"https:\/\/ka-aircraftconsulting.com\/#\/schema\/logo\/image\/\"}}]}<\/script>\n<!-- \/ Yoast SEO plugin. -->","yoast_head_json":{"title":"Mentions L\u00e9gales - KA AIRCRAFT","robots":{"index":"index","follow":"follow","max-snippet":"max-snippet:-1","max-image-preview":"max-image-preview:large","max-video-preview":"max-video-preview:-1"},"canonical":"https:\/\/ka-aircraftconsulting.com\/ar\/mentions-legales\/","og_locale":"ar_AR","og_type":"article","og_title":"Mentions L\u00e9gales - KA AIRCRAFT","og_description":"Mentions L\u00e9galesLe site internet https:\/\/ka-aircraftconsulting.com est \u00e9dit\u00e9 par Impacts Digital au capital de 10 000 euros, immatricul\u00e9e au registre au commerce sous le num\u00e9ro 17 12 181 \/ P, ayant son si\u00e8ge 7 Rue Ksserine : Amel Radhouani Babay et Nabil El Bez agissant en son nom et au nom de sa filiale \u00e0 100% [&hellip;]","og_url":"https:\/\/ka-aircraftconsulting.com\/ar\/mentions-legales\/","og_site_name":"KA AIRCRAFT","article_modified_time":"2022-12-01T14:29:40+00:00","twitter_card":"summary_large_image","twitter_misc":{"\u0648\u0642\u062a \u0627\u0644\u0642\u0631\u0627\u0621\u0629 \u0627\u0644\u0645\u064f\u0642\u062f\u0651\u0631":"7 \u062f\u0642\u0627\u0626\u0642"},"schema":{"@context":"https:\/\/schema.org","@graph":[{"@type":"WebPage","@id":"https:\/\/ka-aircraftconsulting.com\/mentions-legales\/","url":"https:\/\/ka-aircraftconsulting.com\/mentions-legales\/","name":"Mentions L\u00e9gales - KA AIRCRAFT","isPartOf":{"@id":"https:\/\/ka-aircraftconsulting.com\/#website"},"datePublished":"2022-12-01T14:22:03+00:00","dateModified":"2022-12-01T14:29:40+00:00","breadcrumb":{"@id":"https:\/\/ka-aircraftconsulting.com\/mentions-legales\/#breadcrumb"},"inLanguage":"ar","potentialAction":[{"@type":"ReadAction","target":["https:\/\/ka-aircraftconsulting.com\/mentions-legales\/"]}]},{"@type":"BreadcrumbList","@id":"https:\/\/ka-aircraftconsulting.com\/mentions-legales\/#breadcrumb","itemListElement":[{"@type":"ListItem","position":1,"name":"Accueil","item":"https:\/\/ka-aircraftconsulting.com\/"},{"@type":"ListItem","position":2,"name":"Mentions L\u00e9gales"}]},{"@type":"WebSite","@id":"https:\/\/ka-aircraftconsulting.com\/#website","url":"https:\/\/ka-aircraftconsulting.com\/","name":"KA AIRCRAFT","description":"","publisher":{"@id":"https:\/\/ka-aircraftconsulting.com\/#organization"},"potentialAction":[{"@type":"SearchAction","target":{"@type":"EntryPoint","urlTemplate":"https:\/\/ka-aircraftconsulting.com\/?s={search_term_string}"},"query-input":"required name=search_term_string"}],"inLanguage":"ar"},{"@type":"Organization","@id":"https:\/\/ka-aircraftconsulting.com\/#organization","name":"KA AIRCRAFT","url":"https:\/\/ka-aircraftconsulting.com\/","logo":{"@type":"ImageObject","inLanguage":"ar","@id":"https:\/\/ka-aircraftconsulting.com\/#\/schema\/logo\/image\/","url":"https:\/\/ka-aircraftconsulting.com\/wp-content\/uploads\/2022\/12\/Logo-couleur-F-2.png","contentUrl":"https:\/\/ka-aircraftconsulting.com\/wp-content\/uploads\/2022\/12\/Logo-couleur-F-2.png","width":378,"height":254,"caption":"KA AIRCRAFT"},"image":{"@id":"https:\/\/ka-aircraftconsulting.com\/#\/schema\/logo\/image\/"}}]}},"_links":{"self":[{"href":"https:\/\/ka-aircraftconsulting.com\/ar\/wp-json\/wp\/v2\/pages\/302","targetHints":{"allow":["GET"]}}],"collection":[{"href":"https:\/\/ka-aircraftconsulting.com\/ar\/wp-json\/wp\/v2\/pages"}],"about":[{"href":"https:\/\/ka-aircraftconsulting.com\/ar\/wp-json\/wp\/v2\/types\/page"}],"author":[{"embeddable":true,"href":"https:\/\/ka-aircraftconsulting.com\/ar\/wp-json\/wp\/v2\/users\/2"}],"replies":[{"embeddable":true,"href":"https:\/\/ka-aircraftconsulting.com\/ar\/wp-json\/wp\/v2\/comments?post=302"}],"version-history":[{"count":4,"href":"https:\/\/ka-aircraftconsulting.com\/ar\/wp-json\/wp\/v2\/pages\/302\/revisions"}],"predecessor-version":[{"id":307,"href":"https:\/\/ka-aircraftconsulting.com\/ar\/wp-json\/wp\/v2\/pages\/302\/revisions\/307"}],"wp:attachment":[{"href":"https:\/\/ka-aircraftconsulting.com\/ar\/wp-json\/wp\/v2\/media?parent=302"}],"curies":[{"name":"wp","href":"https:\/\/api.w.org\/{rel}","templated":true}]}}