{"id":169,"date":"2022-10-26T14:29:26","date_gmt":"2022-10-26T13:29:26","guid":{"rendered":"https:\/\/ka-aircraftconsulting.com\/?page_id=169"},"modified":"2023-03-03T14:38:26","modified_gmt":"2023-03-03T13:38:26","slug":"maintenance","status":"publish","type":"page","link":"https:\/\/ka-aircraftconsulting.com\/ar\/maintenance\/","title":{"rendered":"\u0627\u0644\u0635\u064a\u0627\u0646\u0629"},"content":{"rendered":"<p>[et_pb_section fb_built=\u00a0\u00bb1&Prime; admin_label=\u00a0\u00bbHero Section\u00a0\u00bb _builder_version=\u00a0\u00bb4.18.0&Prime; use_background_color_gradient=\u00a0\u00bbon\u00a0\u00bb background_color_gradient_direction=\u00a0\u00bb120deg\u00a0\u00bb background_color_gradient_stops=\u00a0\u00bb#000000 0%|rgba(0,0,0,0) 100%\u00a0\u00bb background_color_gradient_overlays_image=\u00a0\u00bbon\u00a0\u00bb background_color_gradient_start=\u00a0\u00bb#000000&Prime; background_color_gradient_end=\u00a0\u00bbrgba(0,0,0,0)\u00a0\u00bb background_image=\u00a0\u00bbhttps:\/\/ka-aircraftconsulting.com\/wp-content\/uploads\/2022\/11\/Fond-04-1.png\u00a0\u00bb custom_padding=\u00a0\u00bb10%||10%|\u00a0\u00bb global_colors_info=\u00a0\u00bb{}\u00a0\u00bb][et_pb_row column_structure=\u00a0\u00bb1_2,1_2&Prime; admin_label=\u00a0\u00bbHero Area\u00a0\u00bb _builder_version=\u00a0\u00bb4.16&Prime; global_colors_info=\u00a0\u00bb{}\u00a0\u00bb][et_pb_column type=\u00a0\u00bb1_2&Prime; _builder_version=\u00a0\u00bb4.16&Prime; custom_padding=\u00a0\u00bb|||\u00a0\u00bb global_colors_info=\u00a0\u00bb{}\u00a0\u00bb custom_padding__hover=\u00a0\u00bb|||\u00a0\u00bb][et_pb_text admin_label=\u00a0\u00bbTitle\u00a0\u00bb _builder_version=\u00a0\u00bb4.18.0&Prime; text_font=\u00a0\u00bb||||||||\u00a0\u00bb header_font=\u00a0\u00bbPoppins|600|||||||\u00a0\u00bb header_font_size=\u00a0\u00bb60px\u00a0\u00bb header_line_height=\u00a0\u00bb1.2em\u00a0\u00bb background_layout=\u00a0\u00bbdark\u00a0\u00bb animation_style=\u00a0\u00bbfade\u00a0\u00bb header_font_size_tablet=\u00a0\u00bb\u00a0\u00bb header_font_size_phone=\u00a0\u00bb40px\u00a0\u00bb header_font_size_last_edited=\u00a0\u00bbon|phone\u00a0\u00bb inline_fonts=\u00a0\u00bbPoppins\u00a0\u00bb global_colors_info=\u00a0\u00bb{}\u00a0\u00bb]<\/p>\n<h1><strong><span style=\"font-family: Poppins;\">\u0627\u0644\u0635\u064a\u0627\u0646\u0629<\/span><\/strong><\/h1>\n<p>[\/et_pb_text][\/et_pb_column][et_pb_column type=\u00a0\u00bb1_2&Prime; _builder_version=\u00a0\u00bb4.16&Prime; custom_padding=\u00a0\u00bb|||\u00a0\u00bb global_colors_info=\u00a0\u00bb{}\u00a0\u00bb custom_padding__hover=\u00a0\u00bb|||\u00a0\u00bb][\/et_pb_column][\/et_pb_row][\/et_pb_section][et_pb_section fb_built=\u00a0\u00bb1&Prime; admin_label=\u00a0\u00bbAbout Section\u00a0\u00bb _builder_version=\u00a0\u00bb4.16&Prime; custom_padding=\u00a0\u00bb0px||0px|\u00a0\u00bb global_colors_info=\u00a0\u00bb{}\u00a0\u00bb][et_pb_row column_structure=\u00a0\u00bb1_2,1_2&Prime; use_custom_gutter=\u00a0\u00bbon\u00a0\u00bb gutter_width=\u00a0\u00bb0&Prime; make_equal=\u00a0\u00bbon\u00a0\u00bb admin_label=\u00a0\u00bbAbout Area\u00a0\u00bb _builder_version=\u00a0\u00bb4.18.0&Prime; width=\u00a0\u00bb100%\u00a0\u00bb max_width=\u00a0\u00bb100%\u00a0\u00bb custom_padding=\u00a0\u00bb0px||0px|\u00a0\u00bb use_custom_width=\u00a0\u00bbon\u00a0\u00bb width_unit=\u00a0\u00bboff\u00a0\u00bb custom_width_percent=\u00a0\u00bb100%\u00a0\u00bb global_colors_info=\u00a0\u00bb{}\u00a0\u00bb][et_pb_column type=\u00a0\u00bb1_2&Prime; _builder_version=\u00a0\u00bb4.18.0&Prime; background_color=\u00a0\u00bb#1e1d1c\u00a0\u00bb custom_padding=\u00a0\u00bb10%|5%|10%|5%|true|false\u00a0\u00bb global_colors_info=\u00a0\u00bb{}\u00a0\u00bb custom_padding__hover=\u00a0\u00bb|||\u00a0\u00bb][et_pb_divider color=\u00a0\u00bb#00ABDB\u00a0\u00bb divider_position=\u00a0\u00bbcenter\u00a0\u00bb divider_weight=\u00a0\u00bb3px\u00a0\u00bb _builder_version=\u00a0\u00bb4.18.0&Prime; max_width=\u00a0\u00bb50px\u00a0\u00bb module_alignment=\u00a0\u00bbcenter\u00a0\u00bb animation_style=\u00a0\u00bbslide\u00a0\u00bb animation_direction=\u00a0\u00bbtop\u00a0\u00bb animation_intensity_slide=\u00a0\u00bb10%\u00a0\u00bb animation_starting_opacity=\u00a0\u00bb100%\u00a0\u00bb global_colors_info=\u00a0\u00bb{}\u00a0\u00bb][\/et_pb_divider][et_pb_text _builder_version=\u00a0\u00bb4.18.0&Prime; text_font=\u00a0\u00bbPoppins|300|||||||\u00a0\u00bb text_text_color=\u00a0\u00bb#FFFFFF\u00a0\u00bb text_font_size=\u00a0\u00bb16px\u00a0\u00bb text_line_height=\u00a0\u00bb1.8em\u00a0\u00bb text_orientation=\u00a0\u00bbcenter\u00a0\u00bb max_width=\u00a0\u00bb570px\u00a0\u00bb module_alignment=\u00a0\u00bbcenter\u00a0\u00bb custom_margin=\u00a0\u00bb25px|||\u00a0\u00bb animation_style=\u00a0\u00bbfade\u00a0\u00bb global_colors_info=\u00a0\u00bb{}\u00a0\u00bb]<\/p>\n<p style=\"text-align: left;\">\u0643\u0645\u0627 \u0647\u0648 \u0645\u0639\u0644\u0648\u0645\u060c \u0641\u0625\u0646 \u0645\u0633\u0627\u0631 \u062a\u062f\u0647\u0648\u0631 \u0627\u0644\u062d\u0627\u0644\u0629 \u0627\u0644\u0641\u0646\u064a\u0629 \u0644\u0644\u0637\u0627\u0626\u0631\u0627\u062a \u0648 \u0627\u0644\u062a\u0623\u062b\u064a\u0631 \u0627\u0644\u062d\u0627\u0635\u0644 \u0639\u0644\u0649 \u0645\u062f\u0649 \u062c\u0647\u0648\u0632\u064a\u062a\u0647\u0627 \u0645\u0631\u062a\u0628\u0637 \u0623\u0633\u0627\u0633\u0627 \u0628\u0639\u0645\u0631 \u0627\u0644\u0645\u0639\u062f\u0627\u062a \u0648 \u0627\u0644\u0645\u0648\u0627\u062f \u0627\u0644\u0645\u062c\u0647\u0632\u0629 \u0628\u0647\u0627 ( \u0639\u0644\u0649 \u0633\u0628\u064a\u0644 \u0627\u0644\u0645\u062b\u0627\u0644 : \u0627\u0644\u0625\u0633\u062a\u062e\u062f\u0627\u0645 \u0627\u0644\u0645\u0641\u0631\u0637 \u0627\u0648 \u0627\u0644\u0635\u062f\u0623 \u0648 \u0627\u0644\u062a\u0622\u0643\u0644 ..) \u0627\u0648 \u0627\u0644\u0642\u0635\u0648\u0631 \u0627\u0644\u0639\u0627\u0631\u0636 \u0641\u064a \u0623\u062d\u062f \u0627\u0644\u0645\u0639\u062f\u0627\u062a \u0627\u0648 \u0627\u0644\u0645\u0643\u0648\u0646\u0627\u062a ( \u0643\u0627\u0644\u062a\u062d\u0645\u064a\u0644 \u0627\u0644\u0632\u0627\u0626\u062f \u0627\u0648 \u062a\u0639\u0631\u0636 \u0628\u0639\u0636 \u0627\u0644\u0645\u0643\u0648\u0646\u0627\u062a \u0627\u0644\u064a \u0627\u0644\u0643\u0633\u0631 \u0627\u0648 \u0627\u0644\u062a\u0644\u0641 ..)\n\u0625\u0646 \u0637\u0627\u0626\u0631\u0627\u062a \u0627\u0644\u0647\u0644\u064a\u0643\u0648\u0628\u062a\u0631 \u0644\u0627 \u062a\u062a\u0633\u0627\u0645\u062d \u0645\u0639 \u0627\u0644\u0625\u0647\u0645\u0627\u0644 \u0648 \u0644\u0627 \u0627\u0644\u062a\u063a\u0627\u0641\u0644 \u0639\u0646 \u062a\u0623\u0645\u064a\u0646\u0647\u0627 \u0623\u0648 \u0639\u0646 \u0639\u062f\u0645 \u0648\u062c\u0648\u062f \u0639\u0645\u0644\u064a\u0629 \u0635\u064a\u0627\u0646\u0629 \u0645\u062a\u0648\u0627\u0635\u0644\u0629 \u062a\u0639\u0627\u0644\u062c \u0645\u062e\u062a\u0644\u0641 \u0645\u0643\u0648\u0646\u0627\u062a\u0647\u0627 \u0648 \u0645\u0639\u062f\u0627\u062a\u0647\u0627 \u0628\u0637\u0631\u064a\u0642\u0629 \u0645\u0633\u062a\u0645\u0631\u0629 \u0648 \u0641\u0637\u0646\u0629 \u0644\u062a\u062c\u0646\u0628 \u0627\u064a \u0639\u0637\u0644 \u0627\u0648 \u0639\u064a\u0628 \u0642\u062f \u064a\u0637\u0631\u0623 \u0639\u0644\u0649 \u0627\u0644\u0637\u0627\u0626\u0631\u0629 \u0627\u0648 \u0627\u064a \u0645\u0646 \u0627\u0644\u0639\u0646\u0627\u0635\u0631 \u0627\u0644\u0645\u064a\u0643\u0627\u0646\u064a\u0643\u064a\u0629 \u0648 \u0627\u0644\u0625\u0644\u0643\u062a\u0631\u0648\u0646\u064a\u0629 \u0627\u0644\u0645\u0643\u0648\u0646\u0629 \u0644\u0647\u0627. \u0628\u0627\u0644\u062a\u0627\u0644\u064a\u060c \u0641\u0625\u0646 \u0627\u0644\u0635\u064a\u0627\u0646\u0629 \u0648 \u0627\u0644\u0645\u062a\u0627\u0628\u0639\u0629 \u0627\u0644\u0645\u0633\u062a\u0645\u0631\u0629 \u0627\u0645\u0631 \u0623\u0633\u0627\u0633\u064a \u0648 \u062d\u064a\u0648\u064a \u0641\u064a \u0645\u0633\u0627\u0631 \u0627\u0644\u0645\u062d\u0627\u0641\u0638\u0629 \u0639\u0644\u0649 \u0623\u062f\u0627\u0621 \u0627\u0644\u0637\u0627\u0626\u0631\u0629 \u0648\u0633\u0644\u0627\u0645\u062a\u0647\u0627<\/p>\n<p style=\"text-align: left;\"><span style=\"font-weight: 400;\">\u0627\u0646 \u0645\u0647\u0645\u0629 \u0641\u0631\u064a\u0642 \u0627\u0644\u0635\u064a\u0627\u0646\u0629 \u0644\u062f\u064a\u0646\u0627 \u0647\u0648 \u0625\u0646\u0634\u0627\u0621 \u0645\u0633\u0627\u0631 \u0635\u064a\u0627\u0646\u0629 \u0645\u062a\u0648\u0627\u0635\u0644 \u0648 \u0645\u0633\u062a\u0645\u0631 \u0644\u0636\u0645\u0627\u0646 \u0645\u062d\u0627\u0641\u0638\u0629 \u0643\u0644 \u0627\u0644\u0645\u0639\u062f\u0627\u062a \u0639\u0644\u0649 \u0646\u062c\u0627\u0639\u062a\u0647\u0627 \u0648 \u0623\u062f\u0627\u0621\u0647\u0627<\/span><\/p>\n<p>[\/et_pb_text][\/et_pb_column][et_pb_column type=\u00a0\u00bb1_2&Prime; _builder_version=\u00a0\u00bb4.18.0&Prime; background_color=\u00a0\u00bb#282624&Prime; custom_padding=\u00a0\u00bb10%|5%|10%|5%|true|false\u00a0\u00bb global_colors_info=\u00a0\u00bb{}\u00a0\u00bb custom_padding__hover=\u00a0\u00bb|||\u00a0\u00bb][et_pb_divider color=\u00a0\u00bb#00ABDB\u00a0\u00bb divider_position=\u00a0\u00bbcenter\u00a0\u00bb divider_weight=\u00a0\u00bb3px\u00a0\u00bb _builder_version=\u00a0\u00bb4.18.0&Prime; max_width=\u00a0\u00bb50px\u00a0\u00bb module_alignment=\u00a0\u00bbcenter\u00a0\u00bb animation_style=\u00a0\u00bbslide\u00a0\u00bb animation_direction=\u00a0\u00bbtop\u00a0\u00bb animation_intensity_slide=\u00a0\u00bb10%\u00a0\u00bb animation_starting_opacity=\u00a0\u00bb100%\u00a0\u00bb locked=\u00a0\u00bboff\u00a0\u00bb global_colors_info=\u00a0\u00bb{}\u00a0\u00bb][\/et_pb_divider][et_pb_image src=\u00a0\u00bbhttps:\/\/ka-aircraftconsulting.com\/wp-content\/uploads\/2022\/12\/dreamstime_m_218960016.jpg\u00a0\u00bb title_text=\u00a0\u00bbdreamstime_m_218960016&Prime; _builder_version=\u00a0\u00bb4.18.0&Prime; _module_preset=\u00a0\u00bbdefault\u00a0\u00bb global_colors_info=\u00a0\u00bb{}\u00a0\u00bb][\/et_pb_image][\/et_pb_column][\/et_pb_row][et_pb_row column_structure=\u00a0\u00bb2_3,1_3&Prime; use_custom_gutter=\u00a0\u00bbon\u00a0\u00bb gutter_width=\u00a0\u00bb0&Prime; make_equal=\u00a0\u00bbon\u00a0\u00bb admin_label=\u00a0\u00bbWorkshops and Events Area\u00a0\u00bb module_class=\u00a0\u00bb et_pb_row_fullwidth\u00a0\u00bb _builder_version=\u00a0\u00bb4.18.0&Prime; width=\u00a0\u00bb100%\u00a0\u00bb width_tablet=\u00a0\u00bb100%\u00a0\u00bb width_phone=\u00a0\u00bb100%\u00a0\u00bb width_last_edited=\u00a0\u00bbon|desktop\u00a0\u00bb max_width=\u00a0\u00bb100%\u00a0\u00bb max_width_tablet=\u00a0\u00bb100%\u00a0\u00bb max_width_phone=\u00a0\u00bb100%\u00a0\u00bb max_width_last_edited=\u00a0\u00bbon|desktop\u00a0\u00bb custom_margin=\u00a0\u00bb|||\u00a0\u00bb custom_padding=\u00a0\u00bb0px||0px|\u00a0\u00bb make_fullwidth=\u00a0\u00bbon\u00a0\u00bb global_colors_info=\u00a0\u00bb{}\u00a0\u00bb][et_pb_column type=\u00a0\u00bb2_3&Prime; _builder_version=\u00a0\u00bb4.18.0&Prime; background_color=\u00a0\u00bb#FFFFFF\u00a0\u00bb background_image=\u00a0\u00bbhttps:\/\/ka-aircraftconsulting.com\/wp-content\/uploads\/2022\/11\/WhatsApp-Image-2022-11-28-at-19.46.38.jpeg\u00a0\u00bb custom_padding=\u00a0\u00bb12%|5%|12%|5%|false|false\u00a0\u00bb global_colors_info=\u00a0\u00bb{}\u00a0\u00bb custom_padding__hover=\u00a0\u00bb|||\u00a0\u00bb][\/et_pb_column][et_pb_column type=\u00a0\u00bb1_3&Prime; _builder_version=\u00a0\u00bb4.18.0&Prime; background_enable_image=\u00a0\u00bboff\u00a0\u00bb background_repeat=\u00a0\u00bbrepeat\u00a0\u00bb custom_padding=\u00a0\u00bb12%||12%||false|false\u00a0\u00bb global_colors_info=\u00a0\u00bb{}\u00a0\u00bb custom_padding__hover=\u00a0\u00bb|||\u00a0\u00bb][et_pb_text admin_label=\u00a0\u00bbTitle\u00a0\u00bb _builder_version=\u00a0\u00bb4.18.0&Prime; text_font=\u00a0\u00bbPoppins|300|||||||\u00a0\u00bb text_text_color=\u00a0\u00bb#252E56&Prime; header_font=\u00a0\u00bb||||||||\u00a0\u00bb header_2_font=\u00a0\u00bbPoppins|600|||||||\u00a0\u00bb header_2_font_size=\u00a0\u00bb36px\u00a0\u00bb header_2_line_height=\u00a0\u00bb1.2em\u00a0\u00bb animation_style=\u00a0\u00bbfold\u00a0\u00bb animation_direction=\u00a0\u00bbleft\u00a0\u00bb animation_intensity_fold=\u00a0\u00bb10%\u00a0\u00bb animation_starting_opacity=\u00a0\u00bb100%\u00a0\u00bb inline_fonts=\u00a0\u00bbPoppins\u00a0\u00bb global_colors_info=\u00a0\u00bb{}\u00a0\u00bb]<\/p>\n<h2 style=\"text-align: center;\"><span style=\"font-family: Poppins;\"><b>\u00a0\u0644\u0645\u0627\u0630\u0627 \u0639\u0644\u064a\u0643\u0645 \u0625\u062e\u062a\u064a\u0627\u0631 K&amp;A Aircraft Consulting\u00a0\u00a0<\/b><\/span><\/h2>\n<p>[\/et_pb_text][et_pb_divider color=\u00a0\u00bb#00ABDB\u00a0\u00bb divider_position=\u00a0\u00bbcenter\u00a0\u00bb divider_weight=\u00a0\u00bb3px\u00a0\u00bb _builder_version=\u00a0\u00bb4.18.0&Prime; max_width=\u00a0\u00bb50px\u00a0\u00bb module_alignment=\u00a0\u00bbcenter\u00a0\u00bb animation_style=\u00a0\u00bbslide\u00a0\u00bb animation_direction=\u00a0\u00bbtop\u00a0\u00bb animation_intensity_slide=\u00a0\u00bb10%\u00a0\u00bb animation_starting_opacity=\u00a0\u00bb100%\u00a0\u00bb locked=\u00a0\u00bboff\u00a0\u00bb global_colors_info=\u00a0\u00bb{}\u00a0\u00bb][\/et_pb_divider][\/et_pb_column][\/et_pb_row][\/et_pb_section][et_pb_section fb_built=\u00a0\u00bb1&Prime; admin_label=\u00a0\u00bbWorkshops and Events Section\u00a0\u00bb _builder_version=\u00a0\u00bb4.18.0&Prime; background_color=\u00a0\u00bb#1E1E1E\u00a0\u00bb custom_margin=\u00a0\u00bb||||false|false\u00a0\u00bb custom_padding=\u00a0\u00bb0px||0px|\u00a0\u00bb global_colors_info=\u00a0\u00bb{}\u00a0\u00bb][et_pb_row use_custom_gutter=\u00a0\u00bbon\u00a0\u00bb gutter_width=\u00a0\u00bb0&Prime; make_equal=\u00a0\u00bbon\u00a0\u00bb admin_label=\u00a0\u00bbStudio Membership Area\u00a0\u00bb module_class=\u00a0\u00bb et_pb_row_fullwidth\u00a0\u00bb _builder_version=\u00a0\u00bb4.18.0&Prime; width=\u00a0\u00bb100%\u00a0\u00bb width_tablet=\u00a0\u00bb100%\u00a0\u00bb width_phone=\u00a0\u00bb100%\u00a0\u00bb width_last_edited=\u00a0\u00bbon|desktop\u00a0\u00bb max_width=\u00a0\u00bb100%\u00a0\u00bb max_width_tablet=\u00a0\u00bb100%\u00a0\u00bb max_width_phone=\u00a0\u00bb100%\u00a0\u00bb max_width_last_edited=\u00a0\u00bbon|desktop\u00a0\u00bb custom_margin=\u00a0\u00bb|||\u00a0\u00bb custom_padding=\u00a0\u00bb0px||0px|\u00a0\u00bb make_fullwidth=\u00a0\u00bbon\u00a0\u00bb global_colors_info=\u00a0\u00bb{}\u00a0\u00bb][et_pb_column type=\u00a0\u00bb4_4&Prime; _builder_version=\u00a0\u00bb4.18.0&Prime; _module_preset=\u00a0\u00bbdefault\u00a0\u00bb background_color=\u00a0\u00bb#1E1E1E\u00a0\u00bb custom_padding=\u00a0\u00bb5%|5%|5%|5%|true|true\u00a0\u00bb global_colors_info=\u00a0\u00bb{}\u00a0\u00bb][et_pb_divider color=\u00a0\u00bb#00ABDB\u00a0\u00bb divider_position=\u00a0\u00bbcenter\u00a0\u00bb divider_weight=\u00a0\u00bb3px\u00a0\u00bb _builder_version=\u00a0\u00bb4.18.0&Prime; max_width=\u00a0\u00bb50px\u00a0\u00bb module_alignment=\u00a0\u00bbcenter\u00a0\u00bb animation_style=\u00a0\u00bbslide\u00a0\u00bb animation_direction=\u00a0\u00bbtop\u00a0\u00bb animation_intensity_slide=\u00a0\u00bb10%\u00a0\u00bb animation_starting_opacity=\u00a0\u00bb100%\u00a0\u00bb locked=\u00a0\u00bboff\u00a0\u00bb global_colors_info=\u00a0\u00bb{}\u00a0\u00bb][\/et_pb_divider][et_pb_text _builder_version=\u00a0\u00bb4.18.0&Prime; _module_preset=\u00a0\u00bbdefault\u00a0\u00bb text_font=\u00a0\u00bbPoppins||||||||\u00a0\u00bb text_text_color=\u00a0\u00bb#FFFFFF\u00a0\u00bb text_font_size=\u00a0\u00bb16px\u00a0\u00bb global_colors_info=\u00a0\u00bb{}\u00a0\u00bb]<\/p>\n<p style=\"text-align: center;\"><span style=\"font-weight: 400;\"><\/span><\/p>\n<p style=\"text-align: center;\"><span style=\"font-weight: 400;\">EASA \u0627\u0627\u0646 \u0641\u0631\u064a\u0642 \u0627\u0644\u0639\u0645\u0644 \u0627\u0644\u0645\u062a\u0648\u0641\u0631 \u0644\u062f\u064a\u0646\u0627 \u064a\u062a\u0645\u062a\u0639 \u0628\u0645\u0624\u0647\u0644\u0627\u062a \u0639\u0627\u0644\u064a\u0629 \u0648 \u0645\u0637\u0627\u0628\u0642 \u0644\u062c\u0648\u062f\u0629<\/span><\/p>\n<p style=\"text-align: center;\"><span style=\"font-weight: 400;\">\u0648 \u0647\u0648 \u0645\u0627 \u064a\u0624\u0647\u0644\u0647 \u0644\u064a\u0643\u0648\u0646 \u0646\u0627\u062c\u0639\u0627 \u0641\u064a \u062a\u0648\u0641\u064a\u0631 \u0648 \u0625\u0642\u062a\u0631\u0627\u062d \u0645\u062e\u062a\u0644\u0641 \u0627\u0644\u062d\u0644\u0648\u0644 \u0627\u0644\u0645\u0645\u0643\u0646\u0629 \u0627\u0644\u0635\u064a\u0627\u0646\u0629<\/span><\/p>\n<p style=\"text-align: center;\"><span style=\"font-weight: 400;\">\u0627\u0646\u0646\u0627 \u0646\u062a\u062f\u062e\u0644 \u0641\u064a \u0625\u0637\u0627\u0631 \u0628\u0631\u0646\u0627\u0645\u062c \u0635\u064a\u0627\u0646\u0629 \u0643\u0627\u0645\u0644 \u064a\u0634\u0645\u0644 \u062c\u0645\u064a\u0639 \u0627\u0646\u0648\u0627\u0639 \u0627\u0644\u0637\u0627\u0626\u0631\u0627\u062a \u0645\u062f\u0646\u064a\u0629 \u0643\u0627\u0646\u062a \u0623\u0648 \u0639\u0633\u0643\u0631\u064a\u0629 ( \u0635\u064a\u0627\u0646\u0629 \u062f\u0648\u0631\u064a\u0629 \u0623\u0648 \u0641\u064a \u062d\u0627\u0644\u0627\u062a \u0627\u0644\u0639\u0637\u0628)\n<br \/>\n. \u0648 \u0643\u0644 \u062a\u062f\u062e\u0644\u0627\u062a\u0646\u0627 \u0641\u064a \u0625\u0637\u0627\u0631 \u0627\u0644\u0635\u064a\u0627\u0646\u0629 \u0623\u0648 \u063a\u064a\u0631\u0647\u0627 \u064a\u0624\u0645\u0646\u0647\u0627 \u0641\u0631\u064a\u0642 \u0645\u062d\u062a\u0631\u0641 \u0648 \u0645\u062a\u062e\u0635\u0635 \u064a\u062c\u0645\u0639 \u0628\u064a\u0646 \u0627\u0644\u062e\u0628\u0631\u0629 \u0648 \u0627\u0644\u0623\u062e\u0630 \u0628\u062a\u0648\u0635\u064a\u0627\u062a \u0627\u0644\u0634\u0631\u0643\u0629 \u0627\u0644\u0645\u0635\u0646\u0639\u0629<\/span><\/p>\n<p style=\"text-align: center;\"><span style=\"font-weight: 400;\">\u062a\u0639\u062a\u0628\u0631 \u0634\u0631\u0643\u0629  \u0631\u0636\u0649 \u0639\u0645\u0644\u0627\u0621\u0647\u0627 \u0645\u0646 \u0623\u0647\u0645 \u0627\u0648\u0644\u0648\u064a\u0627\u062a\u0647\u0627<\/span><\/p>\n<p>[\/et_pb_text][\/et_pb_column][\/et_pb_row][\/et_pb_section]<\/p>","protected":false},"excerpt":{"rendered":"<p>MAINTENANCELe processus affectant d\u00e9t\u00e9rioration de l&rsquo;\u00e9tat technique des h\u00e9licopt\u00e8res sont li\u00e9s \u00e0 l&rsquo;\u00e2ge de l&rsquo;\u00e9quipement, \u00e0 l&rsquo;\u00e9tat des mat\u00e9riaux (par exemple surutilisation, usure et corrosion) ou \u00e0 d\u00e9faillances fortuites (composant cass\u00e9, charge de conception excessives) . La maintenance est ainsi une solution n\u00e9cessaire pour r\u00e9tablir les performances d&rsquo;un a\u00e9ronef. Notre \u00e9quipe de maintenance se charge [&hellip;]<\/p>","protected":false},"author":2,"featured_media":0,"parent":0,"menu_order":0,"comment_status":"closed","ping_status":"closed","template":"","meta":{"_et_pb_use_builder":"on","_et_pb_old_content":"<!-- wp:divi\/placeholder \/-->","_et_gb_content_width":"","footnotes":""},"class_list":["post-169","page","type-page","status-publish","hentry"],"yoast_head":"<!-- This site is optimized with the Yoast SEO plugin v19.11 - https:\/\/yoast.com\/wordpress\/plugins\/seo\/ -->\n<title>K&amp;A Aircraft Consulting - Notre Service Maintenance<\/title>\n<meta name=\"description\" content=\"Nos \u00e9quipes qualifi\u00e9es et reconnues EASA vous proposent une large gamme de services de maintenance.Nous intervenons dans la cadre de programme d\u2019entretien sur diff\u00e9rentes types d\u2019a\u00e9ronefs civils et militaires\" \/>\n<meta name=\"robots\" content=\"index, follow, max-snippet:-1, max-image-preview:large, max-video-preview:-1\" \/>\n<link rel=\"canonical\" href=\"https:\/\/ka-aircraftconsulting.com\/ar\/maintenance\/\" \/>\n<meta property=\"og:locale\" content=\"ar_AR\" \/>\n<meta property=\"og:type\" content=\"article\" \/>\n<meta property=\"og:title\" content=\"K&amp;A Aircraft Consulting - Notre Service Maintenance\" \/>\n<meta property=\"og:description\" content=\"Nos \u00e9quipes qualifi\u00e9es et reconnues EASA vous proposent une large gamme de services de maintenance.Nous intervenons dans la cadre de programme d\u2019entretien sur diff\u00e9rentes types d\u2019a\u00e9ronefs civils et militaires\" \/>\n<meta property=\"og:url\" content=\"https:\/\/ka-aircraftconsulting.com\/ar\/maintenance\/\" \/>\n<meta property=\"og:site_name\" content=\"KA AIRCRAFT\" \/>\n<meta property=\"article:modified_time\" content=\"2023-03-03T13:38:26+00:00\" \/>\n<meta name=\"twitter:card\" content=\"summary_large_image\" \/>\n<meta name=\"twitter:label1\" content=\"\u0648\u0642\u062a \u0627\u0644\u0642\u0631\u0627\u0621\u0629 \u0627\u0644\u0645\u064f\u0642\u062f\u0651\u0631\" \/>\n\t<meta name=\"twitter:data1\" content=\"\u062f\u0642\u064a\u0642\u062a\u0627\u0646\" \/>\n<script type=\"application\/ld+json\" class=\"yoast-schema-graph\">{\"@context\":\"https:\/\/schema.org\",\"@graph\":[{\"@type\":\"WebPage\",\"@id\":\"https:\/\/ka-aircraftconsulting.com\/maintenance\/\",\"url\":\"https:\/\/ka-aircraftconsulting.com\/maintenance\/\",\"name\":\"K&A Aircraft Consulting - Notre Service Maintenance\",\"isPartOf\":{\"@id\":\"https:\/\/ka-aircraftconsulting.com\/#website\"},\"datePublished\":\"2022-10-26T13:29:26+00:00\",\"dateModified\":\"2023-03-03T13:38:26+00:00\",\"description\":\"Nos \u00e9quipes qualifi\u00e9es et reconnues EASA vous proposent une large gamme de services de maintenance.Nous intervenons dans la cadre de programme d\u2019entretien sur diff\u00e9rentes types d\u2019a\u00e9ronefs civils et militaires\",\"breadcrumb\":{\"@id\":\"https:\/\/ka-aircraftconsulting.com\/maintenance\/#breadcrumb\"},\"inLanguage\":\"ar\",\"potentialAction\":[{\"@type\":\"ReadAction\",\"target\":[\"https:\/\/ka-aircraftconsulting.com\/maintenance\/\"]}]},{\"@type\":\"BreadcrumbList\",\"@id\":\"https:\/\/ka-aircraftconsulting.com\/maintenance\/#breadcrumb\",\"itemListElement\":[{\"@type\":\"ListItem\",\"position\":1,\"name\":\"Accueil\",\"item\":\"https:\/\/ka-aircraftconsulting.com\/\"},{\"@type\":\"ListItem\",\"position\":2,\"name\":\"Maintenance\"}]},{\"@type\":\"WebSite\",\"@id\":\"https:\/\/ka-aircraftconsulting.com\/#website\",\"url\":\"https:\/\/ka-aircraftconsulting.com\/\",\"name\":\"KA AIRCRAFT\",\"description\":\"\",\"publisher\":{\"@id\":\"https:\/\/ka-aircraftconsulting.com\/#organization\"},\"potentialAction\":[{\"@type\":\"SearchAction\",\"target\":{\"@type\":\"EntryPoint\",\"urlTemplate\":\"https:\/\/ka-aircraftconsulting.com\/?s={search_term_string}\"},\"query-input\":\"required name=search_term_string\"}],\"inLanguage\":\"ar\"},{\"@type\":\"Organization\",\"@id\":\"https:\/\/ka-aircraftconsulting.com\/#organization\",\"name\":\"KA AIRCRAFT\",\"url\":\"https:\/\/ka-aircraftconsulting.com\/\",\"logo\":{\"@type\":\"ImageObject\",\"inLanguage\":\"ar\",\"@id\":\"https:\/\/ka-aircraftconsulting.com\/#\/schema\/logo\/image\/\",\"url\":\"https:\/\/ka-aircraftconsulting.com\/wp-content\/uploads\/2022\/12\/Logo-couleur-F-2.png\",\"contentUrl\":\"https:\/\/ka-aircraftconsulting.com\/wp-content\/uploads\/2022\/12\/Logo-couleur-F-2.png\",\"width\":378,\"height\":254,\"caption\":\"KA AIRCRAFT\"},\"image\":{\"@id\":\"https:\/\/ka-aircraftconsulting.com\/#\/schema\/logo\/image\/\"}}]}<\/script>\n<!-- \/ Yoast SEO plugin. -->","yoast_head_json":{"title":"K&A Aircraft Consulting - Notre Service Maintenance","description":"Nos \u00e9quipes qualifi\u00e9es et reconnues EASA vous proposent une large gamme de services de maintenance.Nous intervenons dans la cadre de programme d\u2019entretien sur diff\u00e9rentes types d\u2019a\u00e9ronefs civils et militaires","robots":{"index":"index","follow":"follow","max-snippet":"max-snippet:-1","max-image-preview":"max-image-preview:large","max-video-preview":"max-video-preview:-1"},"canonical":"https:\/\/ka-aircraftconsulting.com\/ar\/maintenance\/","og_locale":"ar_AR","og_type":"article","og_title":"K&A Aircraft Consulting - Notre Service Maintenance","og_description":"Nos \u00e9quipes qualifi\u00e9es et reconnues EASA vous proposent une large gamme de services de maintenance.Nous intervenons dans la cadre de programme d\u2019entretien sur diff\u00e9rentes types d\u2019a\u00e9ronefs civils et militaires","og_url":"https:\/\/ka-aircraftconsulting.com\/ar\/maintenance\/","og_site_name":"KA AIRCRAFT","article_modified_time":"2023-03-03T13:38:26+00:00","twitter_card":"summary_large_image","twitter_misc":{"\u0648\u0642\u062a \u0627\u0644\u0642\u0631\u0627\u0621\u0629 \u0627\u0644\u0645\u064f\u0642\u062f\u0651\u0631":"\u062f\u0642\u064a\u0642\u062a\u0627\u0646"},"schema":{"@context":"https:\/\/schema.org","@graph":[{"@type":"WebPage","@id":"https:\/\/ka-aircraftconsulting.com\/maintenance\/","url":"https:\/\/ka-aircraftconsulting.com\/maintenance\/","name":"K&A Aircraft Consulting - Notre Service Maintenance","isPartOf":{"@id":"https:\/\/ka-aircraftconsulting.com\/#website"},"datePublished":"2022-10-26T13:29:26+00:00","dateModified":"2023-03-03T13:38:26+00:00","description":"Nos \u00e9quipes qualifi\u00e9es et reconnues EASA vous proposent une large gamme de services de maintenance.Nous intervenons dans la cadre de programme d\u2019entretien sur diff\u00e9rentes types d\u2019a\u00e9ronefs civils et militaires","breadcrumb":{"@id":"https:\/\/ka-aircraftconsulting.com\/maintenance\/#breadcrumb"},"inLanguage":"ar","potentialAction":[{"@type":"ReadAction","target":["https:\/\/ka-aircraftconsulting.com\/maintenance\/"]}]},{"@type":"BreadcrumbList","@id":"https:\/\/ka-aircraftconsulting.com\/maintenance\/#breadcrumb","itemListElement":[{"@type":"ListItem","position":1,"name":"Accueil","item":"https:\/\/ka-aircraftconsulting.com\/"},{"@type":"ListItem","position":2,"name":"Maintenance"}]},{"@type":"WebSite","@id":"https:\/\/ka-aircraftconsulting.com\/#website","url":"https:\/\/ka-aircraftconsulting.com\/","name":"KA AIRCRAFT","description":"","publisher":{"@id":"https:\/\/ka-aircraftconsulting.com\/#organization"},"potentialAction":[{"@type":"SearchAction","target":{"@type":"EntryPoint","urlTemplate":"https:\/\/ka-aircraftconsulting.com\/?s={search_term_string}"},"query-input":"required name=search_term_string"}],"inLanguage":"ar"},{"@type":"Organization","@id":"https:\/\/ka-aircraftconsulting.com\/#organization","name":"KA AIRCRAFT","url":"https:\/\/ka-aircraftconsulting.com\/","logo":{"@type":"ImageObject","inLanguage":"ar","@id":"https:\/\/ka-aircraftconsulting.com\/#\/schema\/logo\/image\/","url":"https:\/\/ka-aircraftconsulting.com\/wp-content\/uploads\/2022\/12\/Logo-couleur-F-2.png","contentUrl":"https:\/\/ka-aircraftconsulting.com\/wp-content\/uploads\/2022\/12\/Logo-couleur-F-2.png","width":378,"height":254,"caption":"KA AIRCRAFT"},"image":{"@id":"https:\/\/ka-aircraftconsulting.com\/#\/schema\/logo\/image\/"}}]}},"_links":{"self":[{"href":"https:\/\/ka-aircraftconsulting.com\/ar\/wp-json\/wp\/v2\/pages\/169","targetHints":{"allow":["GET"]}}],"collection":[{"href":"https:\/\/ka-aircraftconsulting.com\/ar\/wp-json\/wp\/v2\/pages"}],"about":[{"href":"https:\/\/ka-aircraftconsulting.com\/ar\/wp-json\/wp\/v2\/types\/page"}],"author":[{"embeddable":true,"href":"https:\/\/ka-aircraftconsulting.com\/ar\/wp-json\/wp\/v2\/users\/2"}],"replies":[{"embeddable":true,"href":"https:\/\/ka-aircraftconsulting.com\/ar\/wp-json\/wp\/v2\/comments?post=169"}],"version-history":[{"count":25,"href":"https:\/\/ka-aircraftconsulting.com\/ar\/wp-json\/wp\/v2\/pages\/169\/revisions"}],"predecessor-version":[{"id":472,"href":"https:\/\/ka-aircraftconsulting.com\/ar\/wp-json\/wp\/v2\/pages\/169\/revisions\/472"}],"wp:attachment":[{"href":"https:\/\/ka-aircraftconsulting.com\/ar\/wp-json\/wp\/v2\/media?parent=169"}],"curies":[{"name":"wp","href":"https:\/\/api.w.org\/{rel}","templated":true}]}}